{"id":36,"date":"2025-06-24T22:19:40","date_gmt":"2025-06-24T22:19:40","guid":{"rendered":"https:\/\/www.salusoviedo.com\/?page_id=36"},"modified":"2025-07-09T21:28:38","modified_gmt":"2025-07-09T21:28:38","slug":"nuestras-resenas","status":"publish","type":"page","link":"https:\/\/www.salusoviedo.com\/index.php\/nuestras-resenas\/","title":{"rendered":"Nuestras rese\u00f1as"},"content":{"rendered":"\n<div class=\"wp-block-media-text is-stacked-on-mobile\"><figure class=\"wp-block-media-text__media\"><img loading=\"lazy\" decoding=\"async\" width=\"1024\" height=\"590\" src=\"https:\/\/www.salusoviedo.com\/wp-content\/uploads\/2025\/06\/498206514_1330577299071259_5793911264113952059_n-1024x590.jpg\" alt=\"\" class=\"wp-image-37 size-full\" srcset=\"https:\/\/www.salusoviedo.com\/wp-content\/uploads\/2025\/06\/498206514_1330577299071259_5793911264113952059_n-1024x590.jpg 1024w, https:\/\/www.salusoviedo.com\/wp-content\/uploads\/2025\/06\/498206514_1330577299071259_5793911264113952059_n-300x173.jpg 300w, https:\/\/www.salusoviedo.com\/wp-content\/uploads\/2025\/06\/498206514_1330577299071259_5793911264113952059_n-768x443.jpg 768w, https:\/\/www.salusoviedo.com\/wp-content\/uploads\/2025\/06\/498206514_1330577299071259_5793911264113952059_n-1536x886.jpg 1536w, https:\/\/www.salusoviedo.com\/wp-content\/uploads\/2025\/06\/498206514_1330577299071259_5793911264113952059_n-1x1.jpg 1w, https:\/\/www.salusoviedo.com\/wp-content\/uploads\/2025\/06\/498206514_1330577299071259_5793911264113952059_n.jpg 2026w\" sizes=\"auto, (max-width: 1024px) 100vw, 1024px\" \/><\/figure><div class=\"wp-block-media-text__content\">\n<p>Mira nuestras rese\u00f1as en nuestras redes sociales: Facebook o en nuestra p\u00e1gina de Google. Somos vocaciones y los beb\u00e9s que atendemos configuran el mejor trabajo del mundo<\/p>\n<\/div><\/div>\n\n\n\n<!-- Elfsight Google Reviews | Untitled Google Reviews -->\n<script src=\"https:\/\/static.elfsight.com\/platform\/platform.js\" async><\/script>\n<div class=\"elfsight-app-e265ec7f-a502-4610-88e4-7add3d904777\" data-elfsight-app-lazy><\/div>\n","protected":false},"excerpt":{"rendered":"<p>Mira nuestras rese\u00f1as en nuestras redes sociales: Facebook o en nuestra p\u00e1gina de Google. Somos vocaciones y los beb\u00e9s que atendemos configuran el mejor trabajo del mundo<\/p>\n","protected":false},"author":1,"featured_media":11,"parent":0,"menu_order":0,"comment_status":"closed","ping_status":"closed","template":"","meta":{"footnotes":""},"class_list":["post-36","page","type-page","status-publish","has-post-thumbnail","hentry"],"_links":{"self":[{"href":"https:\/\/www.salusoviedo.com\/index.php\/wp-json\/wp\/v2\/pages\/36","targetHints":{"allow":["GET"]}}],"collection":[{"href":"https:\/\/www.salusoviedo.com\/index.php\/wp-json\/wp\/v2\/pages"}],"about":[{"href":"https:\/\/www.salusoviedo.com\/index.php\/wp-json\/wp\/v2\/types\/page"}],"author":[{"embeddable":true,"href":"https:\/\/www.salusoviedo.com\/index.php\/wp-json\/wp\/v2\/users\/1"}],"replies":[{"embeddable":true,"href":"https:\/\/www.salusoviedo.com\/index.php\/wp-json\/wp\/v2\/comments?post=36"}],"version-history":[{"count":2,"href":"https:\/\/www.salusoviedo.com\/index.php\/wp-json\/wp\/v2\/pages\/36\/revisions"}],"predecessor-version":[{"id":48,"href":"https:\/\/www.salusoviedo.com\/index.php\/wp-json\/wp\/v2\/pages\/36\/revisions\/48"}],"wp:featuredmedia":[{"embeddable":true,"href":"https:\/\/www.salusoviedo.com\/index.php\/wp-json\/wp\/v2\/media\/11"}],"wp:attachment":[{"href":"https:\/\/www.salusoviedo.com\/index.php\/wp-json\/wp\/v2\/media?parent=36"}],"curies":[{"name":"wp","href":"https:\/\/api.w.org\/{rel}","templated":true}]}}