{"id":41,"date":"2025-06-24T22:26:58","date_gmt":"2025-06-24T22:26:58","guid":{"rendered":"https:\/\/www.salusoviedo.com\/?page_id=41"},"modified":"2025-11-16T19:13:24","modified_gmt":"2025-11-16T19:13:24","slug":"sonia-gonzalez","status":"publish","type":"page","link":"https:\/\/www.salusoviedo.com\/index.php\/sonia-gonzalez\/","title":{"rendered":"Sonia Gonz\u00e1lez"},"content":{"rendered":"\n<details class=\"wp-block-details is-layout-flow wp-block-details-is-layout-flow\"><summary>Durante m\u00e1s de 10 a\u00f1os he regentado mi propio Centro Infantil en Oviedo. Tras la pandemia nos toc\u00f3 reinventarnos y ahora he podido conciliar mi vocaci\u00f3n con mi profesi\u00f3n, ofreciendo un cuidado profesional para los beb\u00e9s y sus mam\u00e1s desde la experiencia y, lo m\u00e1s importante, el cari\u00f1o.<\/summary><\/details>\n\n\n\n<figure class=\"wp-block-image size-large\"><img loading=\"lazy\" decoding=\"async\" width=\"1024\" height=\"624\" src=\"https:\/\/www.salusoviedo.com\/wp-content\/uploads\/2025\/11\/Sonia-Salus-1-1024x624.png\" alt=\"\" class=\"wp-image-79\" srcset=\"https:\/\/www.salusoviedo.com\/wp-content\/uploads\/2025\/11\/Sonia-Salus-1-1024x624.png 1024w, https:\/\/www.salusoviedo.com\/wp-content\/uploads\/2025\/11\/Sonia-Salus-1-300x183.png 300w, https:\/\/www.salusoviedo.com\/wp-content\/uploads\/2025\/11\/Sonia-Salus-1-768x468.png 768w, https:\/\/www.salusoviedo.com\/wp-content\/uploads\/2025\/11\/Sonia-Salus-1-1x1.png 1w, https:\/\/www.salusoviedo.com\/wp-content\/uploads\/2025\/11\/Sonia-Salus-1.png 1261w\" sizes=\"auto, (max-width: 1024px) 100vw, 1024px\" \/><\/figure>\n","protected":false},"excerpt":{"rendered":"","protected":false},"author":1,"featured_media":11,"parent":0,"menu_order":0,"comment_status":"closed","ping_status":"closed","template":"","meta":{"footnotes":""},"class_list":["post-41","page","type-page","status-publish","has-post-thumbnail","hentry"],"_links":{"self":[{"href":"https:\/\/www.salusoviedo.com\/index.php\/wp-json\/wp\/v2\/pages\/41","targetHints":{"allow":["GET"]}}],"collection":[{"href":"https:\/\/www.salusoviedo.com\/index.php\/wp-json\/wp\/v2\/pages"}],"about":[{"href":"https:\/\/www.salusoviedo.com\/index.php\/wp-json\/wp\/v2\/types\/page"}],"author":[{"embeddable":true,"href":"https:\/\/www.salusoviedo.com\/index.php\/wp-json\/wp\/v2\/users\/1"}],"replies":[{"embeddable":true,"href":"https:\/\/www.salusoviedo.com\/index.php\/wp-json\/wp\/v2\/comments?post=41"}],"version-history":[{"count":2,"href":"https:\/\/www.salusoviedo.com\/index.php\/wp-json\/wp\/v2\/pages\/41\/revisions"}],"predecessor-version":[{"id":80,"href":"https:\/\/www.salusoviedo.com\/index.php\/wp-json\/wp\/v2\/pages\/41\/revisions\/80"}],"wp:featuredmedia":[{"embeddable":true,"href":"https:\/\/www.salusoviedo.com\/index.php\/wp-json\/wp\/v2\/media\/11"}],"wp:attachment":[{"href":"https:\/\/www.salusoviedo.com\/index.php\/wp-json\/wp\/v2\/media?parent=41"}],"curies":[{"name":"wp","href":"https:\/\/api.w.org\/{rel}","templated":true}]}}