{"id":54,"date":"2025-07-17T11:47:40","date_gmt":"2025-07-17T11:47:40","guid":{"rendered":"https:\/\/www.salusoviedo.com\/?page_id=54"},"modified":"2025-07-17T12:00:12","modified_gmt":"2025-07-17T12:00:12","slug":"formacion-en-salus","status":"publish","type":"page","link":"https:\/\/www.salusoviedo.com\/index.php\/formacion-en-salus\/","title":{"rendered":"Formaci\u00f3n en Salus"},"content":{"rendered":"\n<p>Ser Salus es ser una experta en el cuidado perinatal especializado, tanto para las mam\u00e1s como para los beb\u00e9s en los primeros meses de vida. Para ser Salus es requisito imprescindible tener la titulaci\u00f3n de T\u00e9cnico de Educaci\u00f3n Infantil y una vocaci\u00f3n por los cuidados de calidad para beb\u00e9s. Si cumples ambos requisitos podr\u00e1s realizar nuestra formaci\u00f3n que te habilita para ejercer esta bonita profesi\u00f3n. Los cursos pueden realizarse de forma presencial u online y en todas las modalidades parten de 690\u20ac. Tras el curso, de 100 horas de duraci\u00f3n podr\u00e1s formar parte de nuestra bolsa de Salus en Asturias.<\/p>\n\n\n\n<figure class=\"wp-block-image size-full is-resized\"><img loading=\"lazy\" decoding=\"async\" width=\"294\" height=\"415\" src=\"https:\/\/www.salusoviedo.com\/wp-content\/uploads\/2025\/07\/Salus-Nenos.jpg\" alt=\"\" class=\"wp-image-55\" style=\"width:351px;height:auto\" srcset=\"https:\/\/www.salusoviedo.com\/wp-content\/uploads\/2025\/07\/Salus-Nenos.jpg 294w, https:\/\/www.salusoviedo.com\/wp-content\/uploads\/2025\/07\/Salus-Nenos-213x300.jpg 213w, https:\/\/www.salusoviedo.com\/wp-content\/uploads\/2025\/07\/Salus-Nenos-1x1.jpg 1w\" sizes=\"auto, (max-width: 294px) 100vw, 294px\" \/><\/figure>\n\n\n<a class=\"wp-block-read-more\" href=\"https:\/\/www.salusoviedo.com\/index.php\/formacion-en-salus\/\" target=\"_self\">Read more<span class=\"screen-reader-text\">: Formaci\u00f3n en Salus<\/span><\/a>\n\n<div style=\"margin: 30px 0 30px;\"><a target=\"_blank\" href=\"https:\/\/api.whatsapp.com\/send?phone=\" class=\"wa__button wa__r_button wa__stt_online wa__btn_w_icon\" style=\"background-color: #2DB742; color: #fff\"><div class=\"wa__btn_icon\"><img decoding=\"async\" src=\"https:\/\/www.salusoviedo.com\/wp-content\/plugins\/wp-whatsapp\/assets\/img\/whatsapp_logo.svg\" alt=\"img\"\/><\/div><div class=\"wa__btn_txt\"><div class=\"wa__cs_info\"><div class=\"wa__cs_name\" style=\"color: #fff\">John Doe<\/div><div class=\"wa__cs_status\">Online<\/div><\/div><div class=\"wa__btn_title\">Need help? Chat with us<\/div><\/div><\/a><\/div>","protected":false},"excerpt":{"rendered":"<p>Ser Salus es ser una experta en el cuidado perinatal especializado, tanto para las mam\u00e1s como para los beb\u00e9s en los primeros meses de vida. Para ser Salus es requisito imprescindible tener la titulaci\u00f3n de T\u00e9cnico de Educaci\u00f3n Infantil y una vocaci\u00f3n por los cuidados de calidad para beb\u00e9s. Si cumples ambos requisitos podr\u00e1s realizar [&hellip;]<\/p>\n","protected":false},"author":1,"featured_media":0,"parent":0,"menu_order":0,"comment_status":"closed","ping_status":"closed","template":"","meta":{"footnotes":""},"class_list":["post-54","page","type-page","status-publish","hentry"],"_links":{"self":[{"href":"https:\/\/www.salusoviedo.com\/index.php\/wp-json\/wp\/v2\/pages\/54","targetHints":{"allow":["GET"]}}],"collection":[{"href":"https:\/\/www.salusoviedo.com\/index.php\/wp-json\/wp\/v2\/pages"}],"about":[{"href":"https:\/\/www.salusoviedo.com\/index.php\/wp-json\/wp\/v2\/types\/page"}],"author":[{"embeddable":true,"href":"https:\/\/www.salusoviedo.com\/index.php\/wp-json\/wp\/v2\/users\/1"}],"replies":[{"embeddable":true,"href":"https:\/\/www.salusoviedo.com\/index.php\/wp-json\/wp\/v2\/comments?post=54"}],"version-history":[{"count":3,"href":"https:\/\/www.salusoviedo.com\/index.php\/wp-json\/wp\/v2\/pages\/54\/revisions"}],"predecessor-version":[{"id":67,"href":"https:\/\/www.salusoviedo.com\/index.php\/wp-json\/wp\/v2\/pages\/54\/revisions\/67"}],"wp:attachment":[{"href":"https:\/\/www.salusoviedo.com\/index.php\/wp-json\/wp\/v2\/media?parent=54"}],"curies":[{"name":"wp","href":"https:\/\/api.w.org\/{rel}","templated":true}]}}